{"id":229818,"date":"2025-11-05T12:31:33","date_gmt":"2025-11-05T11:31:33","guid":{"rendered":"https:\/\/andrich.eu\/?page_id=229818"},"modified":"2026-03-05T17:09:02","modified_gmt":"2026-03-05T16:09:02","slug":"impressum","status":"publish","type":"page","link":"https:\/\/andrich.eu\/?page_id=229818","title":{"rendered":"Impressum"},"content":{"rendered":"<p>[et_pb_section fb_built=&#8220;1&#8243; _builder_version=&#8220;4.27.0&#8243; _module_preset=&#8220;default&#8220; min_height=&#8220;90vh&#8220; global_colors_info=&#8220;{}&#8220;][et_pb_row _builder_version=&#8220;4.27.0&#8243; _module_preset=&#8220;default&#8220; global_colors_info=&#8220;{}&#8220;][et_pb_column type=&#8220;4_4&#8243; _builder_version=&#8220;4.27.0&#8243; _module_preset=&#8220;default&#8220; global_colors_info=&#8220;{}&#8220;][et_pb_text _builder_version=&#8220;4.27.0&#8243; _module_preset=&#8220;default&#8220; hover_enabled=&#8220;0&#8243; global_colors_info=&#8220;{}&#8220; sticky_enabled=&#8220;0&#8243;]<\/p>\n<h2 data-start=\"505\" data-end=\"521\"><strong data-start=\"508\" data-end=\"521\">Impressum<\/strong><\/h2>\n<p data-start=\"523\" data-end=\"636\"><strong data-start=\"523\" data-end=\"550\">Ortwin &amp; Selina Andrich<\/strong><br data-start=\"550\" data-end=\"553\" \/>Versicherungsmakler | Vorsorgeberater<br data-start=\"590\" data-end=\"593\" \/>Salzburger Stra\u00dfe 49<br data-start=\"613\" data-end=\"616\" \/>5500 Bischofshofen<\/p>\n<p data-start=\"638\" data-end=\"745\"><strong data-start=\"638\" data-end=\"650\">Kontakt:<\/strong><br data-start=\"650\" data-end=\"653\" \/>Ortwin Andrich<br data-start=\"667\" data-end=\"670\" \/>Tel.: +43 664 240 71 88<br data-start=\"693\" data-end=\"696\" \/>E-Mail: <a data-start=\"704\" data-end=\"745\" class=\"decorated-link cursor-pointer\" rel=\"noopener\">ortwin@qunds.at<span aria-hidden=\"true\" class=\"ms-0.5 inline-block align-middle leading-none\"><svg width=\"20\" height=\"20\" viewbox=\"0 0 20 20\" fill=\"currentColor\" xmlns=\"http:\/\/www.w3.org\/2000\/svg\" data-rtl-flip=\"\" class=\"block h-[0.75em] w-[0.75em] stroke-current stroke-[0.75]\"><path d=\"M14.3349 13.3301V6.60645L5.47065 15.4707C5.21095 15.7304 4.78895 15.7304 4.52925 15.4707C4.26955 15.211 4.26955 14.789 4.52925 14.5293L13.3935 5.66504H6.66011C6.29284 5.66504 5.99507 5.36727 5.99507 5C5.99507 4.63273 6.29284 4.33496 6.66011 4.33496H14.9999L15.1337 4.34863C15.4369 4.41057 15.665 4.67857 15.665 5V13.3301C15.6649 13.6973 15.3672 13.9951 14.9999 13.9951C14.6327 13.9951 14.335 13.6973 14.3349 13.3301Z\"><\/path><\/svg><\/span><\/a><\/p>\n<p data-start=\"747\" data-end=\"839\">Selina Andrich<br data-start=\"761\" data-end=\"764\" \/>Tel.: +43 664 110 66 44<br data-start=\"787\" data-end=\"790\" \/>E-Mail: <a data-start=\"798\" data-end=\"839\" class=\"decorated-link cursor-pointer\" rel=\"noopener\">selina@qunds.at<span aria-hidden=\"true\" class=\"ms-0.5 inline-block align-middle leading-none\"><svg width=\"20\" height=\"20\" viewbox=\"0 0 20 20\" fill=\"currentColor\" xmlns=\"http:\/\/www.w3.org\/2000\/svg\" data-rtl-flip=\"\" class=\"block h-[0.75em] w-[0.75em] stroke-current stroke-[0.75]\"><path d=\"M14.3349 13.3301V6.60645L5.47065 15.4707C5.21095 15.7304 4.78895 15.7304 4.52925 15.4707C4.26955 15.211 4.26955 14.789 4.52925 14.5293L13.3935 5.66504H6.66011C6.29284 5.66504 5.99507 5.36727 5.99507 5C5.99507 4.63273 6.29284 4.33496 6.66011 4.33496H14.9999L15.1337 4.34863C15.4369 4.41057 15.665 4.67857 15.665 5V13.3301C15.6649 13.6973 15.3672 13.9951 14.9999 13.9951C14.6327 13.9951 14.335 13.6973 14.3349 13.3301Z\"><\/path><\/svg><\/span><\/a><\/p>\n<hr data-start=\"841\" data-end=\"844\" \/>\n<p data-start=\"846\" data-end=\"874\"><strong data-start=\"846\" data-end=\"872\">Gewerbeberechtigungen:<\/strong><\/p>\n<ul data-start=\"875\" data-end=\"1209\">\n<li data-start=\"875\" data-end=\"1032\">\n<p data-start=\"877\" data-end=\"1032\">Versicherungsvermittlung in der Form <strong data-start=\"914\" data-end=\"981\">Versicherungsmakler und Berater in Versicherungsangelegenheiten<\/strong> gem\u00e4\u00df \u00a7 94 Z. 76 GewO 1994 (GISA-Zahl: 18486605)<\/p>\n<\/li>\n<li data-start=\"1033\" data-end=\"1209\">\n<p data-start=\"1035\" data-end=\"1209\"><strong data-start=\"1035\" data-end=\"1068\">Gewerbliche Verm\u00f6gensberatung<\/strong> ausgenommen Personalkreditvermittlung mit den Berechtigungen nach \u00a7 2 Abs. 1 Z. 15 WAG 2018 als Wertpapiervermittler (GISA-Zahl: 18469172)<\/p>\n<\/li>\n<\/ul>\n<p><strong data-start=\"1211\" data-end=\"1239\">Haftungsdach:<\/strong><br data-start=\"1239\" data-end=\"1242\" \/><span data-olk-copy-source=\"MessageBody\">Die FinanzAdmin ist mein gem\u00e4\u00df WAG 2018 konzessionierter Partner im Rahmen der Beratung \u00fcber und Vermittlung von Finanzinstrumenten. In diesem T\u00e4tigkeitsbereich ist <br \/>Andrich Ortwin ein Erf\u00fcllungsgehilfe der FinanzAdmin gem\u00e4\u00df \u00a7 1313a ABGB und im Namen und Auftrag sowie auf Rechnung der FinanzAdmin t\u00e4tig.<\/span><\/p>\n<p data-start=\"1211\" data-end=\"1357\"><strong data-start=\"1211\" data-end=\"1239\">Haftpflichtversicherung:<\/strong><br data-start=\"1239\" data-end=\"1242\" \/>Allianz Global Corporate &amp; Specialty SE, K\u00f6niginstra\u00dfe 28, 80802 M\u00fcnchen, Deutschland<br data-start=\"1327\" data-end=\"1330\" \/>Firmenbuchnummer: 295128m<\/p>\n<p data-start=\"1359\" data-end=\"1439\"><strong data-start=\"1359\" data-end=\"1391\">Zust\u00e4ndige Aufsichtsbeh\u00f6rde:<\/strong><br data-start=\"1391\" data-end=\"1394\" \/>Bezirkshauptmannschaft St. Johann im Pongau<\/p>\n<p data-start=\"1441\" data-end=\"1525\"><strong data-start=\"1441\" data-end=\"1462\">Mitgliedschaften:<\/strong><br data-start=\"1462\" data-end=\"1465\" \/>Wirtschaftskammer Salzburg, Fachgruppe Finanzdienstleister<\/p>\n<p data-start=\"1527\" data-end=\"1692\"><strong data-start=\"1527\" data-end=\"1561\">Berufsrechtliche Vorschriften:<\/strong><br data-start=\"1561\" data-end=\"1564\" \/>Gewerbeordnung, Versicherungsvertragsgesetz, WAG 2018, VersVermV<br data-start=\"1628\" data-end=\"1631\" \/>Abrufbar unter <a data-start=\"1646\" data-end=\"1692\" rel=\"noopener\" target=\"_new\" class=\"decorated-link cursor-pointer\">www.ris.bka.gv.at<span aria-hidden=\"true\" class=\"ms-0.5 inline-block align-middle leading-none\"><svg width=\"20\" height=\"20\" viewbox=\"0 0 20 20\" fill=\"currentColor\" xmlns=\"http:\/\/www.w3.org\/2000\/svg\" data-rtl-flip=\"\" class=\"block h-[0.75em] w-[0.75em] stroke-current stroke-[0.75]\"><path d=\"M14.3349 13.3301V6.60645L5.47065 15.4707C5.21095 15.7304 4.78895 15.7304 4.52925 15.4707C4.26955 15.211 4.26955 14.789 4.52925 14.5293L13.3935 5.66504H6.66011C6.29284 5.66504 5.99507 5.36727 5.99507 5C5.99507 4.63273 6.29284 4.33496 6.66011 4.33496H14.9999L15.1337 4.34863C15.4369 4.41057 15.665 4.67857 15.665 5V13.3301C15.6649 13.6973 15.3672 13.9951 14.9999 13.9951C14.6327 13.9951 14.335 13.6973 14.3349 13.3301Z\"><\/path><\/svg><\/span><\/a><\/p>\n<p data-start=\"1694\" data-end=\"1735\"><strong data-start=\"1694\" data-end=\"1712\">Gerichtsstand:<\/strong> St. Johann im Pongau<\/p>\n<p data-start=\"1737\" data-end=\"1906\"><strong data-start=\"1737\" data-end=\"1757\">Haftungshinweis:<\/strong><br data-start=\"1757\" data-end=\"1760\" \/>Alle Inhalte wurden mit gr\u00f6\u00dfter Sorgfalt erstellt. F\u00fcr die Richtigkeit, Vollst\u00e4ndigkeit und Aktualit\u00e4t der Inhalte wird keine Gew\u00e4hr \u00fcbernommen.<\/p>\n<p>[\/et_pb_text][\/et_pb_column][\/et_pb_row][\/et_pb_section]<\/p>\n","protected":false},"excerpt":{"rendered":"<p>Impressum Ortwin &amp; Selina AndrichVersicherungsmakler | VorsorgeberaterSalzburger Stra\u00dfe 495500 Bischofshofen Kontakt:Ortwin AndrichTel.: +43 664 240 71 88E-Mail: ortwin@qunds.at Selina AndrichTel.: +43 664 110 66 44E-Mail: selina@qunds.at Gewerbeberechtigungen: Versicherungsvermittlung in der Form Versicherungsmakler und Berater in Versicherungsangelegenheiten gem\u00e4\u00df \u00a7 94 Z. 76 GewO 1994 (GISA-Zahl: 18486605) Gewerbliche Verm\u00f6gensberatung ausgenommen Personalkreditvermittlung mit den Berechtigungen nach \u00a7 2 [&hellip;]<\/p>\n","protected":false},"author":1,"featured_media":0,"parent":0,"menu_order":0,"comment_status":"closed","ping_status":"closed","template":"","meta":{"_et_pb_use_builder":"on","_et_pb_old_content":"","_et_gb_content_width":"","footnotes":""},"class_list":["post-229818","page","type-page","status-publish","hentry"],"_links":{"self":[{"href":"https:\/\/andrich.eu\/index.php?rest_route=\/wp\/v2\/pages\/229818","targetHints":{"allow":["GET"]}}],"collection":[{"href":"https:\/\/andrich.eu\/index.php?rest_route=\/wp\/v2\/pages"}],"about":[{"href":"https:\/\/andrich.eu\/index.php?rest_route=\/wp\/v2\/types\/page"}],"author":[{"embeddable":true,"href":"https:\/\/andrich.eu\/index.php?rest_route=\/wp\/v2\/users\/1"}],"replies":[{"embeddable":true,"href":"https:\/\/andrich.eu\/index.php?rest_route=%2Fwp%2Fv2%2Fcomments&post=229818"}],"version-history":[{"count":3,"href":"https:\/\/andrich.eu\/index.php?rest_route=\/wp\/v2\/pages\/229818\/revisions"}],"predecessor-version":[{"id":229836,"href":"https:\/\/andrich.eu\/index.php?rest_route=\/wp\/v2\/pages\/229818\/revisions\/229836"}],"wp:attachment":[{"href":"https:\/\/andrich.eu\/index.php?rest_route=%2Fwp%2Fv2%2Fmedia&parent=229818"}],"curies":[{"name":"wp","href":"https:\/\/api.w.org\/{rel}","templated":true}]}}